{"id":27466,"date":"2025-05-16T14:59:53","date_gmt":"2025-05-16T18:59:53","guid":{"rendered":"https:\/\/mtlconnecte.ca\/?page_id=27466"},"modified":"2025-05-16T15:09:45","modified_gmt":"2025-05-16T19:09:45","slug":"2025-current-calls-for-applications","status":"publish","type":"page","link":"https:\/\/mtlconnecte.ca\/en\/2025-current-calls-for-applications\/","title":{"rendered":"2025 Current Calls for Applications"},"content":{"rendered":"\t\t<div data-elementor-type=\"wp-page\" data-elementor-id=\"27466\" class=\"elementor elementor-27466 elementor-26815\" data-elementor-post-type=\"page\">\n\t\t\t\t\t\t<section class=\"elementor-section elementor-top-section elementor-element elementor-element-910775f elementor-section-height-min-height elementor-section-boxed elementor-section-height-default elementor-section-items-middle\" data-id=\"910775f\" data-element_type=\"section\" data-settings=\"{&quot;background_background&quot;:&quot;classic&quot;}\">\n\t\t\t\t\t\t\t<div class=\"elementor-background-overlay\"><\/div>\n\t\t\t\t\t\t\t<div class=\"elementor-container elementor-column-gap-default\">\n\t\t\t\t\t<div class=\"elementor-column elementor-col-100 elementor-top-column elementor-element elementor-element-ece23dc\" data-id=\"ece23dc\" data-element_type=\"column\">\n\t\t\t<div class=\"elementor-widget-wrap elementor-element-populated\">\n\t\t\t\t\t\t<div class=\"elementor-element elementor-element-195d2b2 elementor-widget elementor-widget-heading\" data-id=\"195d2b2\" data-element_type=\"widget\" data-widget_type=\"heading.default\">\n\t\t\t\t<div class=\"elementor-widget-container\">\n\t\t\t<h2 class=\"elementor-heading-title elementor-size-default\">Our ongoing calls<\/h2>\t\t<\/div>\n\t\t\t\t<\/div>\n\t\t\t\t<section class=\"elementor-section elementor-inner-section elementor-element elementor-element-1917538 elementor-section-boxed elementor-section-height-default elementor-section-height-default\" data-id=\"1917538\" data-element_type=\"section\">\n\t\t\t\t\t\t<div class=\"elementor-container elementor-column-gap-default\">\n\t\t\t\t\t<div class=\"elementor-column elementor-col-100 elementor-inner-column elementor-element elementor-element-70da917\" data-id=\"70da917\" data-element_type=\"column\">\n\t\t\t<div class=\"elementor-widget-wrap elementor-element-populated\">\n\t\t\t\t\t\t<div class=\"elementor-element elementor-element-835657d elementor-widget elementor-widget-text-editor\" data-id=\"835657d\" data-element_type=\"widget\" data-widget_type=\"text-editor.default\">\n\t\t\t\t<div class=\"elementor-widget-container\">\n\t\t\t\t\t\t\t<p><b>Actively participate in MTL connecte 2025!<\/b><\/p>\t\t\t\t\t\t<\/div>\n\t\t\t\t<\/div>\n\t\t\t\t\t<\/div>\n\t\t<\/div>\n\t\t\t\t\t<\/div>\n\t\t<\/section>\n\t\t\t\t\t<\/div>\n\t\t<\/div>\n\t\t\t\t\t<\/div>\n\t\t<\/section>\n\t\t\t\t<section class=\"elementor-section elementor-top-section elementor-element elementor-element-3500cb2 elementor-section-content-middle elementor-reverse-mobile elementor-section-height-min-height elementor-section-boxed elementor-section-height-default elementor-section-items-middle\" data-id=\"3500cb2\" data-element_type=\"section\" data-settings=\"{&quot;background_background&quot;:&quot;classic&quot;}\">\n\t\t\t\t\t\t\t<div class=\"elementor-background-overlay\"><\/div>\n\t\t\t\t\t\t\t<div class=\"elementor-container elementor-column-gap-default\">\n\t\t\t\t\t<div class=\"elementor-column elementor-col-100 elementor-top-column elementor-element elementor-element-dd338f1\" data-id=\"dd338f1\" data-element_type=\"column\">\n\t\t\t<div class=\"elementor-widget-wrap elementor-element-populated\">\n\t\t\t\t\t\t<section class=\"elementor-section elementor-inner-section elementor-element elementor-element-584d1b6 elementor-section-content-middle elementor-section-boxed elementor-section-height-default elementor-section-height-default\" data-id=\"584d1b6\" data-element_type=\"section\">\n\t\t\t\t\t\t<div class=\"elementor-container elementor-column-gap-no\">\n\t\t\t\t\t\t<\/div>\n\t\t<\/section>\n\t\t\t\t<section class=\"elementor-section elementor-inner-section elementor-element elementor-element-dc2756b elementor-section-boxed elementor-section-height-default elementor-section-height-default\" data-id=\"dc2756b\" data-element_type=\"section\">\n\t\t\t\t\t\t<div class=\"elementor-container elementor-column-gap-default\">\n\t\t\t\t\t<div class=\"elementor-column elementor-col-50 elementor-inner-column elementor-element elementor-element-87dfba0 elementor-invisible\" data-id=\"87dfba0\" data-element_type=\"column\" data-settings=\"{&quot;animation&quot;:&quot;fadeInLeft&quot;}\">\n\t\t\t<div class=\"elementor-widget-wrap elementor-element-populated\">\n\t\t\t\t\t\t<div class=\"elementor-element elementor-element-9e5cd98 elementor-widget elementor-widget-heading\" data-id=\"9e5cd98\" data-element_type=\"widget\" data-settings=\"{&quot;_animation&quot;:&quot;none&quot;}\" data-widget_type=\"heading.default\">\n\t\t\t\t<div class=\"elementor-widget-container\">\n\t\t\t<h2 class=\"elementor-heading-title elementor-size-default\">Actively participate in MTL connecte 2025!<\/h2>\t\t<\/div>\n\t\t\t\t<\/div>\n\t\t\t\t<div class=\"elementor-element elementor-element-c80d317 elementor-widget elementor-widget-text-editor\" data-id=\"c80d317\" data-element_type=\"widget\" data-settings=\"{&quot;_animation&quot;:&quot;none&quot;}\" data-widget_type=\"text-editor.default\">\n\t\t\t\t<div class=\"elementor-widget-container\">\n\t\t\t\t\t\t\t<p><span style=\"font-weight: 400;\">Do you have an idea, project, expertise or vision for the digital future? MTL connecte opens the doors to its international ecosystem. Whether you are an entrepreneur, researcher, artist, student, organization, or large company, there is a call for you.<\/span><\/p><p><span style=\"font-weight: 400;\">Join the movement and help shape a more ethical, innovative, and inclusive digital future.<\/span><\/p><p><span style=\"font-weight: 400;\">Discover the current calls for participation!<\/span><\/p><p class=\"\" data-start=\"182\" data-end=\"487\">Rejoignez le mouvement et fa\u00e7onnez un num\u00e9rique plus \u00e9thique, innovant et inclusif.<\/p><p class=\"\" data-start=\"182\" data-end=\"487\"><strong data-start=\"578\" data-end=\"627\">D\u00e9couvrez les appels \u00e0 participation en cours<\/strong> !<\/p>\t\t\t\t\t\t<\/div>\n\t\t\t\t<\/div>\n\t\t\t\t<div class=\"elementor-element elementor-element-825e5cb elementor-widget elementor-widget-button\" data-id=\"825e5cb\" data-element_type=\"widget\" data-widget_type=\"button.default\">\n\t\t\t\t<div class=\"elementor-widget-container\">\n\t\t\t\t\t<div class=\"elementor-button-wrapper\">\n\t\t\t<a class=\"elementor-button elementor-button-link elementor-size-sm\" href=\"https:\/\/ti.to\/printemps-numerique\/mtl-connecte-2025\/en\">\n\t\t\t\t\t\t<span class=\"elementor-button-content-wrapper\">\n\t\t\t\t\t\t\t\t\t<span class=\"elementor-button-text\">TAKE MY TICKET<\/span>\n\t\t\t\t\t<\/span>\n\t\t\t\t\t<\/a>\n\t\t<\/div>\n\t\t\t\t<\/div>\n\t\t\t\t<\/div>\n\t\t\t\t\t<\/div>\n\t\t<\/div>\n\t\t\t\t<div class=\"elementor-column elementor-col-50 elementor-inner-column elementor-element elementor-element-3090740\" data-id=\"3090740\" data-element_type=\"column\">\n\t\t\t<div class=\"elementor-widget-wrap elementor-element-populated\">\n\t\t\t\t\t\t<div class=\"elementor-element elementor-element-c9190c0 elementor-widget elementor-widget-image\" data-id=\"c9190c0\" data-element_type=\"widget\" data-widget_type=\"image.default\">\n\t\t\t\t<div class=\"elementor-widget-container\">\n\t\t\t\t\t\t\t\t\t\t\t\t\t<img fetchpriority=\"high\" decoding=\"async\" width=\"800\" height=\"533\" src=\"https:\/\/mtlconnecte.ca\/wp-content\/uploads\/2025\/04\/MTL-Connecte-2024-October-17-2024-15-57-38-1024x682.jpg\" class=\"attachment-large size-large wp-image-26631\" alt=\"\" srcset=\"https:\/\/mtlconnecte.ca\/wp-content\/uploads\/2025\/04\/MTL-Connecte-2024-October-17-2024-15-57-38-1024x682.jpg 1024w, https:\/\/mtlconnecte.ca\/wp-content\/uploads\/2025\/04\/MTL-Connecte-2024-October-17-2024-15-57-38-300x200.jpg 300w, https:\/\/mtlconnecte.ca\/wp-content\/uploads\/2025\/04\/MTL-Connecte-2024-October-17-2024-15-57-38-768x512.jpg 768w, https:\/\/mtlconnecte.ca\/wp-content\/uploads\/2025\/04\/MTL-Connecte-2024-October-17-2024-15-57-38-1536x1024.jpg 1536w, https:\/\/mtlconnecte.ca\/wp-content\/uploads\/2025\/04\/MTL-Connecte-2024-October-17-2024-15-57-38.jpg 2000w\" sizes=\"(max-width: 800px) 100vw, 800px\" \/>\t\t\t\t\t\t\t\t\t\t\t\t\t<\/div>\n\t\t\t\t<\/div>\n\t\t\t\t\t<\/div>\n\t\t<\/div>\n\t\t\t\t\t<\/div>\n\t\t<\/section>\n\t\t\t\t\t<\/div>\n\t\t<\/div>\n\t\t\t\t\t<\/div>\n\t\t<\/section>\n\t\t\t\t<section class=\"elementor-section elementor-top-section elementor-element elementor-element-00eee1c elementor-section-boxed elementor-section-height-default elementor-section-height-default\" data-id=\"00eee1c\" data-element_type=\"section\">\n\t\t\t\t\t\t<div class=\"elementor-container elementor-column-gap-default\">\n\t\t\t\t\t<div class=\"elementor-column elementor-col-100 elementor-top-column elementor-element elementor-element-0734aab\" data-id=\"0734aab\" data-element_type=\"column\">\n\t\t\t<div class=\"elementor-widget-wrap\">\n\t\t\t\t\t\t\t<\/div>\n\t\t<\/div>\n\t\t\t\t\t<\/div>\n\t\t<\/section>\n\t\t\t\t<section class=\"elementor-section elementor-top-section elementor-element elementor-element-2d11944 elementor-section-boxed elementor-section-height-default elementor-section-height-default\" data-id=\"2d11944\" data-element_type=\"section\">\n\t\t\t\t\t\t<div class=\"elementor-container elementor-column-gap-no\">\n\t\t\t\t\t<div class=\"elementor-column elementor-col-100 elementor-top-column elementor-element elementor-element-112f658\" data-id=\"112f658\" data-element_type=\"column\">\n\t\t\t<div class=\"elementor-widget-wrap elementor-element-populated\">\n\t\t\t\t\t\t<div class=\"elementor-element elementor-element-9b26914 elementor-widget elementor-widget-heading\" data-id=\"9b26914\" data-element_type=\"widget\" data-widget_type=\"heading.default\">\n\t\t\t\t<div class=\"elementor-widget-container\">\n\t\t\t<h2 class=\"elementor-heading-title elementor-size-default\">Our ongoing calls...<\/h2>\t\t<\/div>\n\t\t\t\t<\/div>\n\t\t\t\t<div class=\"elementor-element elementor-element-10e8263 elementor-align-center elementor-widget elementor-widget-button\" data-id=\"10e8263\" data-element_type=\"widget\" data-widget_type=\"button.default\">\n\t\t\t\t<div class=\"elementor-widget-container\">\n\t\t\t\t\t<div class=\"elementor-button-wrapper\">\n\t\t\t<a class=\"elementor-button elementor-button-link elementor-size-sm\" href=\"https:\/\/ti.to\/printemps-numerique\/mtl-connecte-2025\/en\">\n\t\t\t\t\t\t<span class=\"elementor-button-content-wrapper\">\n\t\t\t\t\t\t\t\t\t<span class=\"elementor-button-text\">TAKE MY TICKET<\/span>\n\t\t\t\t\t<\/span>\n\t\t\t\t\t<\/a>\n\t\t<\/div>\n\t\t\t\t<\/div>\n\t\t\t\t<\/div>\n\t\t\t\t<section class=\"elementor-section elementor-inner-section elementor-element elementor-element-fdf9419 elementor-section-content-middle elementor-section-boxed elementor-section-height-default elementor-section-height-default\" data-id=\"fdf9419\" data-element_type=\"section\">\n\t\t\t\t\t\t<div class=\"elementor-container elementor-column-gap-no\">\n\t\t\t\t\t<div class=\"elementor-column elementor-col-33 elementor-inner-column elementor-element elementor-element-7503879\" data-id=\"7503879\" data-element_type=\"column\" data-settings=\"{&quot;background_background&quot;:&quot;classic&quot;}\">\n\t\t\t<div class=\"elementor-widget-wrap elementor-element-populated\">\n\t\t\t\t\t\t<div class=\"elementor-element elementor-element-9a131e7 elementor-widget elementor-widget-image-box\" data-id=\"9a131e7\" data-element_type=\"widget\" data-widget_type=\"image-box.default\">\n\t\t\t\t<div class=\"elementor-widget-container\">\n\t\t\t<div class=\"elementor-image-box-wrapper\"><div class=\"elementor-image-box-content\"><h3 class=\"elementor-image-box-title\">Speak at MTL connect<\/h3><p class=\"elementor-image-box-description\">Share your ideas, research, or expertise on stage in front of a global audience. Call for speakers is open \u2013 make your voice heard!<\/p><\/div><\/div>\t\t<\/div>\n\t\t\t\t<\/div>\n\t\t\t\t<div class=\"elementor-element elementor-element-7aceb14 elementor-widget elementor-widget-image-box\" data-id=\"7aceb14\" data-element_type=\"widget\" data-widget_type=\"image-box.default\">\n\t\t\t\t<div class=\"elementor-widget-container\">\n\t\t\t<div class=\"elementor-image-box-wrapper\"><div class=\"elementor-image-box-content\"><p class=\"elementor-image-box-description\">Registration is closed.<\/p><\/div><\/div>\t\t<\/div>\n\t\t\t\t<\/div>\n\t\t\t\t\t<\/div>\n\t\t<\/div>\n\t\t\t\t<div class=\"elementor-column elementor-col-33 elementor-inner-column elementor-element elementor-element-940e067\" data-id=\"940e067\" data-element_type=\"column\" data-settings=\"{&quot;background_background&quot;:&quot;classic&quot;}\">\n\t\t\t<div class=\"elementor-widget-wrap elementor-element-populated\">\n\t\t\t\t\t\t<div class=\"elementor-element elementor-element-6e93ed9 elementor-widget elementor-widget-image-box\" data-id=\"6e93ed9\" data-element_type=\"widget\" data-widget_type=\"image-box.default\">\n\t\t\t\t<div class=\"elementor-widget-container\">\n\t\t\t<div class=\"elementor-image-box-wrapper\"><div class=\"elementor-image-box-content\"><h3 class=\"elementor-image-box-title\"><a href=\"https:\/\/airtable.com\/app16WyU7Jrz5fZbB\/pagJHE2j4aI7rnjPb\/form\">Form a delegation<\/a><\/h3><p class=\"elementor-image-box-description\">Represent your company, institution, or ecosystem at MTL connect. Gain access to strategic collaboration opportunities and global visibility.<\/p><\/div><\/div>\t\t<\/div>\n\t\t\t\t<\/div>\n\t\t\t\t\t<\/div>\n\t\t<\/div>\n\t\t\t\t<div class=\"elementor-column elementor-col-33 elementor-inner-column elementor-element elementor-element-6b5c8bd\" data-id=\"6b5c8bd\" data-element_type=\"column\" data-settings=\"{&quot;background_background&quot;:&quot;classic&quot;}\">\n\t\t\t<div class=\"elementor-widget-wrap elementor-element-populated\">\n\t\t\t\t\t\t<div class=\"elementor-element elementor-element-c2355f5 elementor-widget elementor-widget-image-box\" data-id=\"c2355f5\" data-element_type=\"widget\" data-widget_type=\"image-box.default\">\n\t\t\t\t<div class=\"elementor-widget-container\">\n\t\t\t<div class=\"elementor-image-box-wrapper\"><div class=\"elementor-image-box-content\"><h3 class=\"elementor-image-box-title\"><a href=\"https:\/\/airtable.com\/app16WyU7Jrz5fZbB\/pagvBbhdfaXWNABYZ\/form\">Become a partner of MTL connect<\/a><\/h3><p class=\"elementor-image-box-description\">Align your brand with a meaningful international event. Join an influential network and showcase your commitment to responsible digital practices.<\/p><\/div><\/div>\t\t<\/div>\n\t\t\t\t<\/div>\n\t\t\t\t\t<\/div>\n\t\t<\/div>\n\t\t\t\t\t<\/div>\n\t\t<\/section>\n\t\t\t\t<section class=\"elementor-section elementor-inner-section elementor-element elementor-element-3245da5 elementor-section-content-middle elementor-section-boxed elementor-section-height-default elementor-section-height-default\" data-id=\"3245da5\" data-element_type=\"section\">\n\t\t\t\t\t\t<div class=\"elementor-container elementor-column-gap-no\">\n\t\t\t\t\t<div class=\"elementor-column elementor-col-33 elementor-inner-column elementor-element elementor-element-16aa012\" data-id=\"16aa012\" data-element_type=\"column\" data-settings=\"{&quot;background_background&quot;:&quot;classic&quot;}\">\n\t\t\t<div class=\"elementor-widget-wrap elementor-element-populated\">\n\t\t\t\t\t\t<div class=\"elementor-element elementor-element-97422ed elementor-widget elementor-widget-image-box\" data-id=\"97422ed\" data-element_type=\"widget\" data-widget_type=\"image-box.default\">\n\t\t\t\t<div class=\"elementor-widget-container\">\n\t\t\t<div class=\"elementor-image-box-wrapper\"><div class=\"elementor-image-box-content\"><h3 class=\"elementor-image-box-title\"><a href=\"https:\/\/airtable.com\/embed\/appUbiESZuHNoxKk9\/pagNBkQclz1ADHDeK\/form\">The MTL connect Showcase<\/a><\/h3><p class=\"elementor-image-box-description\">Are you developing an impactful project? Present it in front of experts, investors, and decision-makers during the Showcase on October 28, 2025. A special prize will be awarded to the most inspiring project!<\/p><\/div><\/div>\t\t<\/div>\n\t\t\t\t<\/div>\n\t\t\t\t\t<\/div>\n\t\t<\/div>\n\t\t\t\t<div class=\"elementor-column elementor-col-33 elementor-inner-column elementor-element elementor-element-8379cdb\" data-id=\"8379cdb\" data-element_type=\"column\" data-settings=\"{&quot;background_background&quot;:&quot;classic&quot;}\">\n\t\t\t<div class=\"elementor-widget-wrap elementor-element-populated\">\n\t\t\t\t\t\t<div class=\"elementor-element elementor-element-0602a2f elementor-widget elementor-widget-image-box\" data-id=\"0602a2f\" data-element_type=\"widget\" data-widget_type=\"image-box.default\">\n\t\t\t\t<div class=\"elementor-widget-container\">\n\t\t\t<div class=\"elementor-image-box-wrapper\"><div class=\"elementor-image-box-content\"><h3 class=\"elementor-image-box-title\"><a href=\"https:\/\/airtable.com\/appUbiESZuHNoxKk9\/pagShldXNCGk57omk\/form\">The MTL Tech Awards<\/a><\/h3><p class=\"elementor-image-box-description\">Participate in a prestigious competition recognizing digital innovation in 4 categories: Innovation, Women in Tech, Youth Literacy, and Francophone Culture. Awards ceremony on October 30, 2025, at SAT.<\/p><\/div><\/div>\t\t<\/div>\n\t\t\t\t<\/div>\n\t\t\t\t\t<\/div>\n\t\t<\/div>\n\t\t\t\t<div class=\"elementor-column elementor-col-33 elementor-inner-column elementor-element elementor-element-6ad35b9\" data-id=\"6ad35b9\" data-element_type=\"column\" data-settings=\"{&quot;background_background&quot;:&quot;classic&quot;}\">\n\t\t\t<div class=\"elementor-widget-wrap elementor-element-populated\">\n\t\t\t\t\t\t<div class=\"elementor-element elementor-element-ecde7b6 elementor-widget elementor-widget-image-box\" data-id=\"ecde7b6\" data-element_type=\"widget\" data-widget_type=\"image-box.default\">\n\t\t\t\t<div class=\"elementor-widget-container\">\n\t\t\t<div class=\"elementor-image-box-wrapper\"><div class=\"elementor-image-box-content\"><h3 class=\"elementor-image-box-title\"><a href=\"https:\/\/airtable.com\/app16WyU7Jrz5fZbB\/pagscWJKwbtzldTQI\/form\">Explore MTL connect (for young people aged 18 to 35)<\/a><\/h3><p class=\"elementor-image-box-description\">From a developing country? Access a free virtual program of training, conferences, and networking. A springboard to contribute to a more sustainable, inclusive, and global digital future.<\/p><\/div><\/div>\t\t<\/div>\n\t\t\t\t<\/div>\n\t\t\t\t\t<\/div>\n\t\t<\/div>\n\t\t\t\t\t<\/div>\n\t\t<\/section>\n\t\t\t\t<div class=\"elementor-element elementor-element-ffc9bae elementor-align-center elementor-widget elementor-widget-button\" data-id=\"ffc9bae\" data-element_type=\"widget\" data-widget_type=\"button.default\">\n\t\t\t\t<div class=\"elementor-widget-container\">\n\t\t\t\t\t<div class=\"elementor-button-wrapper\">\n\t\t\t<a class=\"elementor-button elementor-button-link elementor-size-sm\" href=\"https:\/\/ti.to\/printemps-numerique\/mtl-connecte-2025\/en\">\n\t\t\t\t\t\t<span class=\"elementor-button-content-wrapper\">\n\t\t\t\t\t\t\t\t\t<span class=\"elementor-button-text\">TAKE MY TICKET<\/span>\n\t\t\t\t\t<\/span>\n\t\t\t\t\t<\/a>\n\t\t<\/div>\n\t\t\t\t<\/div>\n\t\t\t\t<\/div>\n\t\t\t\t\t<\/div>\n\t\t<\/div>\n\t\t\t\t\t<\/div>\n\t\t<\/section>\n\t\t\t\t<section class=\"elementor-section elementor-top-section elementor-element elementor-element-7433e5b elementor-section-boxed elementor-section-height-default elementor-section-height-default\" data-id=\"7433e5b\" data-element_type=\"section\">\n\t\t\t\t\t\t<div class=\"elementor-container elementor-column-gap-default\">\n\t\t\t\t\t<div class=\"elementor-column elementor-col-100 elementor-top-column elementor-element elementor-element-8472c5a\" data-id=\"8472c5a\" data-element_type=\"column\">\n\t\t\t<div class=\"elementor-widget-wrap\">\n\t\t\t\t\t\t\t<\/div>\n\t\t<\/div>\n\t\t\t\t\t<\/div>\n\t\t<\/section>\n\t\t\t\t<\/div>\n\t\t","protected":false},"excerpt":{"rendered":"<p>Our ongoing calls Actively participate in MTL connecte 2025! Actively participate in MTL connecte 2025! Do you have an idea, project, expertise or vision for the digital future? MTL connecte opens the doors to its international ecosystem. Whether you are an entrepreneur, researcher, artist, student, organization, or large company, there is a call for you. [&hellip;]<\/p>\n","protected":false},"author":1,"featured_media":0,"parent":0,"menu_order":0,"comment_status":"closed","ping_status":"closed","template":"","meta":{"footnotes":""},"class_list":["post-27466","page","type-page","status-publish","hentry"],"_links":{"self":[{"href":"https:\/\/mtlconnecte.ca\/en\/wp-json\/wp\/v2\/pages\/27466"}],"collection":[{"href":"https:\/\/mtlconnecte.ca\/en\/wp-json\/wp\/v2\/pages"}],"about":[{"href":"https:\/\/mtlconnecte.ca\/en\/wp-json\/wp\/v2\/types\/page"}],"author":[{"embeddable":true,"href":"https:\/\/mtlconnecte.ca\/en\/wp-json\/wp\/v2\/users\/1"}],"replies":[{"embeddable":true,"href":"https:\/\/mtlconnecte.ca\/en\/wp-json\/wp\/v2\/comments?post=27466"}],"version-history":[{"count":4,"href":"https:\/\/mtlconnecte.ca\/en\/wp-json\/wp\/v2\/pages\/27466\/revisions"}],"predecessor-version":[{"id":27470,"href":"https:\/\/mtlconnecte.ca\/en\/wp-json\/wp\/v2\/pages\/27466\/revisions\/27470"}],"wp:attachment":[{"href":"https:\/\/mtlconnecte.ca\/en\/wp-json\/wp\/v2\/media?parent=27466"}],"curies":[{"name":"wp","href":"https:\/\/api.w.org\/{rel}","templated":true}]}}