{"id":2450,"date":"2021-02-07T22:44:01","date_gmt":"2021-02-08T03:44:01","guid":{"rendered":"https:\/\/mtlconnecte.ca\/?page_id=2450"},"modified":"2025-12-12T08:53:24","modified_gmt":"2025-12-12T13:53:24","slug":"about-printemps-numerique","status":"publish","type":"page","link":"https:\/\/mtlconnecte.ca\/en\/about-printemps-numerique\/","title":{"rendered":"About Printemps num\u00e9rique"},"content":{"rendered":"\t\t<div data-elementor-type=\"wp-page\" data-elementor-id=\"2450\" class=\"elementor elementor-2450\" data-elementor-post-type=\"page\">\n\t\t\t\t\t\t<section class=\"elementor-section elementor-top-section elementor-element elementor-element-7fdf312 elementor-section-full_width elementor-section-height-min-height elementor-section-height-default elementor-section-items-middle\" data-id=\"7fdf312\" data-element_type=\"section\" data-settings=\"{&quot;background_background&quot;:&quot;classic&quot;}\">\n\t\t\t\t\t\t<div class=\"elementor-container elementor-column-gap-default\">\n\t\t\t\t\t<div class=\"elementor-column elementor-col-100 elementor-top-column elementor-element elementor-element-7ed97d1\" data-id=\"7ed97d1\" data-element_type=\"column\">\n\t\t\t<div class=\"elementor-widget-wrap elementor-element-populated\">\n\t\t\t\t\t\t<section class=\"elementor-section elementor-inner-section elementor-element elementor-element-0ac2801 elementor-section-boxed elementor-section-height-default elementor-section-height-default\" data-id=\"0ac2801\" data-element_type=\"section\">\n\t\t\t\t\t\t<div class=\"elementor-container elementor-column-gap-default\">\n\t\t\t\t\t<div class=\"elementor-column elementor-col-50 elementor-inner-column elementor-element elementor-element-00fdaaa\" data-id=\"00fdaaa\" data-element_type=\"column\">\n\t\t\t<div class=\"elementor-widget-wrap elementor-element-populated\">\n\t\t\t\t\t\t<div class=\"elementor-element elementor-element-2af2019 elementor-widget elementor-widget-heading\" data-id=\"2af2019\" data-element_type=\"widget\" data-widget_type=\"heading.default\">\n\t\t\t\t<div class=\"elementor-widget-container\">\n\t\t\t<h2 class=\"elementor-heading-title elementor-size-default\">Understanding and Harnessing the Digital Revolution<\/h2>\t\t<\/div>\n\t\t\t\t<\/div>\n\t\t\t\t<div class=\"elementor-element elementor-element-f6ee2fb elementor-widget elementor-widget-text-editor\" data-id=\"f6ee2fb\" data-element_type=\"widget\" data-widget_type=\"text-editor.default\">\n\t\t\t\t<div class=\"elementor-widget-container\">\n\t\t\t\t\t\t\t<p class=\"p1\"><span style=\"font-weight: 400;\">The 7th edition of <\/span><b>MTL connect: Montreal Digital Week<\/b><span style=\"font-weight: 400;\"> will take place from <\/span><b>October 28 to 31, 2025<\/b><span style=\"font-weight: 400;\">.<\/span><\/p>\t\t\t\t\t\t<\/div>\n\t\t\t\t<\/div>\n\t\t\t\t\t<\/div>\n\t\t<\/div>\n\t\t\t\t<div class=\"elementor-column elementor-col-50 elementor-inner-column elementor-element elementor-element-5c60505\" data-id=\"5c60505\" data-element_type=\"column\">\n\t\t\t<div class=\"elementor-widget-wrap elementor-element-populated\">\n\t\t\t\t\t\t<div class=\"elementor-element elementor-element-80a58bb elementor-widget elementor-widget-video\" data-id=\"80a58bb\" data-element_type=\"widget\" data-settings=\"{&quot;youtube_url&quot;:&quot;https:\\\/\\\/www.youtube.com\\\/watch?v=sd0Ap0tQCH4&amp;list=PLEXqx95Tr8AXVkY1Jobj-m96z3J0ZLGib&quot;,&quot;yt_privacy&quot;:&quot;yes&quot;,&quot;show_image_overlay&quot;:&quot;yes&quot;,&quot;image_overlay&quot;:{&quot;url&quot;:&quot;&quot;,&quot;id&quot;:&quot;&quot;,&quot;size&quot;:&quot;&quot;},&quot;video_type&quot;:&quot;youtube&quot;}\" data-widget_type=\"video.default\">\n\t\t\t\t<div class=\"elementor-widget-container\">\n\t\t\t\t\t<div class=\"elementor-wrapper elementor-open-inline\">\n\t\t\t<div class=\"elementor-video\"><\/div>\t\t<\/div>\n\t\t\t\t<\/div>\n\t\t\t\t<\/div>\n\t\t\t\t\t<\/div>\n\t\t<\/div>\n\t\t\t\t\t<\/div>\n\t\t<\/section>\n\t\t\t\t\t<\/div>\n\t\t<\/div>\n\t\t\t\t\t<\/div>\n\t\t<\/section>\n\t\t\t\t<section class=\"elementor-section elementor-top-section elementor-element elementor-element-a5712bd elementor-section-content-middle elementor-reverse-mobile elementor-section-height-min-height elementor-section-boxed elementor-section-height-default elementor-section-items-middle\" data-id=\"a5712bd\" data-element_type=\"section\" data-settings=\"{&quot;background_background&quot;:&quot;classic&quot;}\">\n\t\t\t\t\t\t\t<div class=\"elementor-background-overlay\"><\/div>\n\t\t\t\t\t\t\t<div class=\"elementor-container elementor-column-gap-default\">\n\t\t\t\t\t<div class=\"elementor-column elementor-col-100 elementor-top-column elementor-element elementor-element-0d86ea7\" data-id=\"0d86ea7\" data-element_type=\"column\">\n\t\t\t<div class=\"elementor-widget-wrap elementor-element-populated\">\n\t\t\t\t\t\t<section class=\"elementor-section elementor-inner-section elementor-element elementor-element-effabc8 elementor-section-boxed elementor-section-height-default elementor-section-height-default\" data-id=\"effabc8\" data-element_type=\"section\">\n\t\t\t\t\t\t<div class=\"elementor-container elementor-column-gap-default\">\n\t\t\t\t\t<div class=\"elementor-column elementor-col-50 elementor-inner-column elementor-element elementor-element-206fa58\" data-id=\"206fa58\" data-element_type=\"column\">\n\t\t\t<div class=\"elementor-widget-wrap elementor-element-populated\">\n\t\t\t\t\t\t<div class=\"elementor-element elementor-element-7061137 elementor-widget elementor-widget-heading\" data-id=\"7061137\" data-element_type=\"widget\" data-widget_type=\"heading.default\">\n\t\t\t\t<div class=\"elementor-widget-container\">\n\t\t\t<h2 class=\"elementor-heading-title elementor-size-default\">Our Role<\/h2>\t\t<\/div>\n\t\t\t\t<\/div>\n\t\t\t\t\t<\/div>\n\t\t<\/div>\n\t\t\t\t<div class=\"elementor-column elementor-col-50 elementor-inner-column elementor-element elementor-element-e6592b6\" data-id=\"e6592b6\" data-element_type=\"column\">\n\t\t\t<div class=\"elementor-widget-wrap elementor-element-populated\">\n\t\t\t\t\t\t<div class=\"elementor-element elementor-element-7b29c3d elementor-widget elementor-widget-text-editor\" data-id=\"7b29c3d\" data-element_type=\"widget\" data-widget_type=\"text-editor.default\">\n\t\t\t\t<div class=\"elementor-widget-container\">\n\t\t\t\t\t\t\t<p><b><a href=\"https:\/\/www.printempsnumerique.ca\/en\/\" target=\"_blank\" rel=\"noopener\">Printemps num\u00e9rique <\/a><\/b><span style=\"font-weight: 400;\">brings together individuals and organizations around digital knowledge and practices, with a focus on collective benefit. As a catalyst for digital transformation, it fosters synergies across the technological, cultural, educational, economic, and civic sectors.<\/span><\/p><p><span style=\"font-weight: 400;\">As a connector, Printemps num\u00e9rique builds bridges between sectors, generations, and regions, creating fertile ground for knowledge and innovation. Advocating for ethical, inclusive, human-centered, and sustainable digital practices, it highlights exemplary initiatives and amplifies emerging voices. By developing critical and creative digital skills, it strengthens communities\u2019 capacity to take action. Rooted in real-world contexts, this integrated approach positions Printemps num\u00e9rique as a key player in shaping digital usage for the benefit of society.<\/span><\/p>\t\t\t\t\t\t<\/div>\n\t\t\t\t<\/div>\n\t\t\t\t\t<\/div>\n\t\t<\/div>\n\t\t\t\t\t<\/div>\n\t\t<\/section>\n\t\t\t\t<section class=\"elementor-section elementor-inner-section elementor-element elementor-element-5f0dd9e elementor-section-boxed elementor-section-height-default elementor-section-height-default\" data-id=\"5f0dd9e\" data-element_type=\"section\">\n\t\t\t\t\t\t<div class=\"elementor-container elementor-column-gap-default\">\n\t\t\t\t\t<div class=\"elementor-column elementor-col-50 elementor-inner-column elementor-element elementor-element-d30b00d\" data-id=\"d30b00d\" data-element_type=\"column\">\n\t\t\t<div class=\"elementor-widget-wrap elementor-element-populated\">\n\t\t\t\t\t\t<div class=\"elementor-element elementor-element-20fdfd5 elementor-widget elementor-widget-heading\" data-id=\"20fdfd5\" data-element_type=\"widget\" data-widget_type=\"heading.default\">\n\t\t\t\t<div class=\"elementor-widget-container\">\n\t\t\t<h2 class=\"elementor-heading-title elementor-size-default\">Our Projects<\/h2>\t\t<\/div>\n\t\t\t\t<\/div>\n\t\t\t\t\t<\/div>\n\t\t<\/div>\n\t\t\t\t<div class=\"elementor-column elementor-col-50 elementor-inner-column elementor-element elementor-element-fa99701\" data-id=\"fa99701\" data-element_type=\"column\">\n\t\t\t<div class=\"elementor-widget-wrap elementor-element-populated\">\n\t\t\t\t\t\t<div class=\"elementor-element elementor-element-1a69898 elementor-widget elementor-widget-text-editor\" data-id=\"1a69898\" data-element_type=\"widget\" data-widget_type=\"text-editor.default\">\n\t\t\t\t<div class=\"elementor-widget-container\">\n\t\t\t\t\t\t\t<p><b>Youth Digital Month 2025:\u00a0<\/b><span style=\"font-weight: 400;\">Held from <\/span><b>February 1 to 28, 2025<\/b><span style=\"font-weight: 400;\">, the 6th edition of this annual event focused on the theme <\/span><i><span style=\"font-weight: 400;\">\u201cYour Culture, Your Identity!\u201d<\/span><\/i><span style=\"font-weight: 400;\">. It explored the challenges and impact of digital technology on cultural creation and consumption. Institutions, organizations, and businesses came together to promote the development of\u00a0digital skills among youth under the age of 35.<\/span><\/p><p>\u00a0<\/p><p><b>Jeunesse QC 2030:\u00a0<\/b><span style=\"font-weight: 400;\">Supported by the <\/span><b>Secr\u00e9tariat \u00e0 la jeunesse du Qu\u00e9bec<\/b><span style=\"font-weight: 400;\"> and <\/span><b>Hydro-Qu\u00e9bec<\/b><span style=\"font-weight: 400;\">, this initiative aims to bridge digital literacy gaps by providing programs for youth aged 13 to 29.<\/span><\/p><p>\u00a0<\/p><p><b>MTL connect: Montreal Digital Week:\u00a0<\/b><span style=\"font-weight: 400;\">This international event brings together participants from nearly <\/span><b style=\"font-weight: 400;\">90 different countries<\/b> each year, reinforcing Digital Spring\u2019s commitment to creating a global platform for digital exchange.<br \/><b style=\"background-color: transparent;\"><br \/>AI &amp; Health Research Training:\u00a0<\/b>In partnership with <span style=\"background-color: transparent;\">Humaniteq<\/span><span style=\"background-color: transparent;\">, Digital Spring launched in 2024 a series of eight audio episodes released every two months through 2025. This initiative highlights Quebec-based research projects that integrate <\/span><span style=\"background-color: transparent;\">artificial intelligence in healthcare<\/span><span style=\"background-color: transparent;\">, offering a dynamic perspective on Francophone innovation in this field.<\/span><\/p>\t\t\t\t\t\t<\/div>\n\t\t\t\t<\/div>\n\t\t\t\t<div class=\"elementor-element elementor-element-df9f9e7 elementor-widget elementor-widget-button\" data-id=\"df9f9e7\" data-element_type=\"widget\" data-widget_type=\"button.default\">\n\t\t\t\t<div class=\"elementor-widget-container\">\n\t\t\t\t\t<div class=\"elementor-button-wrapper\">\n\t\t\t<a class=\"elementor-button elementor-button-link elementor-size-sm\" href=\"https:\/\/www.printempsnumerique.ca\/en\/about\/\" target=\"_blank\">\n\t\t\t\t\t\t<span class=\"elementor-button-content-wrapper\">\n\t\t\t\t\t\t\t\t\t<span class=\"elementor-button-text\">Learn More<\/span>\n\t\t\t\t\t<\/span>\n\t\t\t\t\t<\/a>\n\t\t<\/div>\n\t\t\t\t<\/div>\n\t\t\t\t<\/div>\n\t\t\t\t\t<\/div>\n\t\t<\/div>\n\t\t\t\t\t<\/div>\n\t\t<\/section>\n\t\t\t\t\t<\/div>\n\t\t<\/div>\n\t\t\t\t\t<\/div>\n\t\t<\/section>\n\t\t\t\t<\/div>\n\t\t","protected":false},"excerpt":{"rendered":"<p>Understanding and Harnessing the Digital Revolution The 7th edition of MTL connect: Montreal Digital Week will take place from October 28 to 31, 2025. https:\/\/www.youtube.com\/watch?v=sd0Ap0tQCH4&#038;list=PLEXqx95Tr8AXVkY1Jobj-m96z3J0ZLGib Our Role Printemps num\u00e9rique brings together individuals and organizations around digital knowledge and practices, with a focus on collective benefit. As a catalyst for digital transformation, it fosters synergies across [&hellip;]<\/p>\n","protected":false},"author":1,"featured_media":22010,"parent":0,"menu_order":0,"comment_status":"closed","ping_status":"closed","template":"","meta":{"footnotes":""},"class_list":["post-2450","page","type-page","status-publish","has-post-thumbnail","hentry"],"_links":{"self":[{"href":"https:\/\/mtlconnecte.ca\/en\/wp-json\/wp\/v2\/pages\/2450"}],"collection":[{"href":"https:\/\/mtlconnecte.ca\/en\/wp-json\/wp\/v2\/pages"}],"about":[{"href":"https:\/\/mtlconnecte.ca\/en\/wp-json\/wp\/v2\/types\/page"}],"author":[{"embeddable":true,"href":"https:\/\/mtlconnecte.ca\/en\/wp-json\/wp\/v2\/users\/1"}],"replies":[{"embeddable":true,"href":"https:\/\/mtlconnecte.ca\/en\/wp-json\/wp\/v2\/comments?post=2450"}],"version-history":[{"count":68,"href":"https:\/\/mtlconnecte.ca\/en\/wp-json\/wp\/v2\/pages\/2450\/revisions"}],"predecessor-version":[{"id":29583,"href":"https:\/\/mtlconnecte.ca\/en\/wp-json\/wp\/v2\/pages\/2450\/revisions\/29583"}],"wp:featuredmedia":[{"embeddable":true,"href":"https:\/\/mtlconnecte.ca\/en\/wp-json\/wp\/v2\/media\/22010"}],"wp:attachment":[{"href":"https:\/\/mtlconnecte.ca\/en\/wp-json\/wp\/v2\/media?parent=2450"}],"curies":[{"name":"wp","href":"https:\/\/api.w.org\/{rel}","templated":true}]}}