{"id":19195,"date":"2023-07-10T14:25:35","date_gmt":"2023-07-10T18:25:35","guid":{"rendered":"https:\/\/mtlconnecte.ca\/?page_id=19195"},"modified":"2023-09-19T09:42:46","modified_gmt":"2023-09-19T13:42:46","slug":"2023-programming","status":"publish","type":"page","link":"https:\/\/mtlconnecte.ca\/en\/2023-programming\/","title":{"rendered":"2023 Programming"},"content":{"rendered":"\t\t<div data-elementor-type=\"wp-page\" data-elementor-id=\"19195\" class=\"elementor elementor-19195\" data-elementor-post-type=\"page\">\n\t\t\t\t\t\t<section class=\"elementor-section elementor-top-section elementor-element elementor-element-d2f15e6 elementor-section-boxed elementor-section-height-default elementor-section-height-default\" data-id=\"d2f15e6\" data-element_type=\"section\" data-settings=\"{&quot;background_background&quot;:&quot;classic&quot;}\">\n\t\t\t\t\t\t<div class=\"elementor-container elementor-column-gap-default\">\n\t\t\t\t\t<div class=\"elementor-column elementor-col-100 elementor-top-column elementor-element elementor-element-b557817\" data-id=\"b557817\" data-element_type=\"column\">\n\t\t\t<div class=\"elementor-widget-wrap elementor-element-populated\">\n\t\t\t\t\t\t<div class=\"elementor-element elementor-element-55cbf06 elementor-widget elementor-widget-heading\" data-id=\"55cbf06\" data-element_type=\"widget\" data-widget_type=\"heading.default\">\n\t\t\t\t<div class=\"elementor-widget-container\">\n\t\t\t<h2 class=\"elementor-heading-title elementor-size-default\">Attend conferences, panels, workshops, networking cocktails, B2B meetings and more!\n<\/h2>\t\t<\/div>\n\t\t\t\t<\/div>\n\t\t\t\t<div class=\"elementor-element elementor-element-ec5b381 elementor-widget-divider--view-line elementor-widget elementor-widget-divider\" data-id=\"ec5b381\" data-element_type=\"widget\" data-widget_type=\"divider.default\">\n\t\t\t\t<div class=\"elementor-widget-container\">\n\t\t\t\t\t<div class=\"elementor-divider\">\n\t\t\t<span class=\"elementor-divider-separator\">\n\t\t\t\t\t\t<\/span>\n\t\t<\/div>\n\t\t\t\t<\/div>\n\t\t\t\t<\/div>\n\t\t\t\t<div class=\"elementor-element elementor-element-561975d elementor-align-center elementor-tablet-align-right elementor-mobile-align-justify elementor-widget elementor-widget-button\" data-id=\"561975d\" data-element_type=\"widget\" data-widget_type=\"button.default\">\n\t\t\t\t<div class=\"elementor-widget-container\">\n\t\t\t\t\t<div class=\"elementor-button-wrapper\">\n\t\t\t<a class=\"elementor-button elementor-button-link elementor-size-sm\" href=\"https:\/\/mtlconnecte.ca\/en\/2023-pricing\/\" target=\"_blank\">\n\t\t\t\t\t\t<span class=\"elementor-button-content-wrapper\">\n\t\t\t\t\t\t\t\t\t<span class=\"elementor-button-text\">BUY YOUR TICKET<\/span>\n\t\t\t\t\t<\/span>\n\t\t\t\t\t<\/a>\n\t\t<\/div>\n\t\t\t\t<\/div>\n\t\t\t\t<\/div>\n\t\t\t\t<div class=\"elementor-element elementor-element-ae0f4ec elementor-widget elementor-widget-html\" data-id=\"ae0f4ec\" data-element_type=\"widget\" data-widget_type=\"html.default\">\n\t\t\t\t<div class=\"elementor-widget-container\">\n\t\t\t<iframe src=\"https:\/\/app.swapcard.com\/widget\/event\/coopie-mtl-connecte-2023\/plannings\/RXZlbnRWaWV3XzQ1Nzg4Nw==?lng=en-US\" style=\"border: none; margin: 0px; width: 100%; display: block; height: calc(100vh - 100px);\"><\/iframe>\t\t<\/div>\n\t\t\t\t<\/div>\n\t\t\t\t\t<\/div>\n\t\t<\/div>\n\t\t\t\t\t<\/div>\n\t\t<\/section>\n\t\t\t\t<section class=\"elementor-section elementor-top-section elementor-element elementor-element-f2a1169 elementor-section-boxed elementor-section-height-default elementor-section-height-default\" data-id=\"f2a1169\" data-element_type=\"section\" data-settings=\"{&quot;background_background&quot;:&quot;classic&quot;}\">\n\t\t\t\t\t\t<div class=\"elementor-container elementor-column-gap-default\">\n\t\t\t\t\t<div class=\"elementor-column elementor-col-100 elementor-top-column elementor-element elementor-element-f29dcd3\" data-id=\"f29dcd3\" data-element_type=\"column\">\n\t\t\t<div class=\"elementor-widget-wrap elementor-element-populated\">\n\t\t\t\t\t\t<section class=\"elementor-section elementor-inner-section elementor-element elementor-element-790882f elementor-section-boxed elementor-section-height-default elementor-section-height-default\" data-id=\"790882f\" data-element_type=\"section\" data-settings=\"{&quot;background_background&quot;:&quot;gradient&quot;}\">\n\t\t\t\t\t\t<div class=\"elementor-container elementor-column-gap-default\">\n\t\t\t\t\t<div class=\"elementor-column elementor-col-100 elementor-inner-column elementor-element elementor-element-0b75410\" data-id=\"0b75410\" data-element_type=\"column\">\n\t\t\t<div class=\"elementor-widget-wrap elementor-element-populated\">\n\t\t\t\t\t\t<div class=\"elementor-element elementor-element-c7ee336 elementor-widget elementor-widget-heading\" data-id=\"c7ee336\" data-element_type=\"widget\" data-widget_type=\"heading.default\">\n\t\t\t\t<div class=\"elementor-widget-container\">\n\t\t\t<h2 class=\"elementor-heading-title elementor-size-default\">MAIN THEME: <br>COLLECTIVE INTELLIGENCE<\/h2>\t\t<\/div>\n\t\t\t\t<\/div>\n\t\t\t\t\t<\/div>\n\t\t<\/div>\n\t\t\t\t\t<\/div>\n\t\t<\/section>\n\t\t\t\t<div class=\"elementor-element elementor-element-e55748a elementor-widget elementor-widget-spacer\" data-id=\"e55748a\" data-element_type=\"widget\" data-widget_type=\"spacer.default\">\n\t\t\t\t<div class=\"elementor-widget-container\">\n\t\t\t\t\t<div class=\"elementor-spacer\">\n\t\t\t<div class=\"elementor-spacer-inner\"><\/div>\n\t\t<\/div>\n\t\t\t\t<\/div>\n\t\t\t\t<\/div>\n\t\t\t\t<div class=\"elementor-element elementor-element-7ffb956 elementor-widget elementor-widget-spacer\" data-id=\"7ffb956\" data-element_type=\"widget\" data-widget_type=\"spacer.default\">\n\t\t\t\t<div class=\"elementor-widget-container\">\n\t\t\t\t\t<div class=\"elementor-spacer\">\n\t\t\t<div class=\"elementor-spacer-inner\"><\/div>\n\t\t<\/div>\n\t\t\t\t<\/div>\n\t\t\t\t<\/div>\n\t\t\t\t<section class=\"elementor-section elementor-inner-section elementor-element elementor-element-94d8465 elementor-section-boxed elementor-section-height-default elementor-section-height-default\" data-id=\"94d8465\" data-element_type=\"section\">\n\t\t\t\t\t\t<div class=\"elementor-container elementor-column-gap-default\">\n\t\t\t\t\t<div class=\"elementor-column elementor-col-50 elementor-inner-column elementor-element elementor-element-2414b19\" data-id=\"2414b19\" data-element_type=\"column\">\n\t\t\t<div class=\"elementor-widget-wrap elementor-element-populated\">\n\t\t\t\t\t\t<div class=\"elementor-element elementor-element-c3dbf8e elementor-widget elementor-widget-text-editor\" data-id=\"c3dbf8e\" data-element_type=\"widget\" data-widget_type=\"text-editor.default\">\n\t\t\t\t<div class=\"elementor-widget-container\">\n\t\t\t\t\t\t\t<p style=\"text-align: right;\">MTL connect is an annual international event organized by the non-profit organization Montreal Digital Spring (Printemps num\u00e9rique). This gathering of entrepreneurs, researchers, decision-makers, industry players and artists aims to provide an understanding of the challenges and issues of the digital revolution, while presenting opportunities and offering solutions to take advantage of them. It&#8217;s also an opportunity for participants to expand their network and develop business relationships and collaborations.<\/p><div class=\"DynamicBorderScrollable DynamicBorderScrollable--canScrollUp DynamicBorderScrollable--canScrollDown TaskPane-scrollable\"><div class=\"Scrollable--withCompositingLayer Scrollable Scrollable--vertical DynamicBorderScrollable-scrollable\" tabindex=\"-1\"><div class=\"DynamicBorderScrollable-content TaskPane-body TaskPane-body--notIE\"><div class=\"TaskPane-main\" tabindex=\"-1\" role=\"main\"><div class=\"TaskPane-feed TaskPane-feed--notIE TaskPane-feed--everyoneTab\"><div class=\"TaskStoryFeed\"><div class=\"FeedBlockStory TaskStoryFeed-blockStory\"><div class=\"FeedBlockStory-content\"><div class=\"BlockStoryStructure BlockStory\"><div class=\"BlockStoryStructure-block\"><div class=\"BlockStoryStructure-body\"><div class=\"TruncatedRichText\"><div class=\"RichText3 TruncatedRichText-richText\" style=\"text-align: right;\"><div class=\"RichText3-paragraph--withVSpacingNormal RichText3-paragraph Typography Typography--m\">MTL connect takes a cross-disciplinary approach to the digital field, through its economic, social, cultural and environmental impacts<\/div><div class=\"RichText3-paragraph--withVSpacingNormal RichText3-paragraph Typography Typography--m\">in various sectors.<\/div><div>\u00a0<\/div><div class=\"RichText3-paragraph--withVSpacingNormal RichText3-paragraph Typography Typography--m\"><p>For its 5th edition, MTL connect will take place around the main theme of COLLECTIVE INTELLIGENCE, with the main objective of better understanding the digital revolution and<br \/>knowing how to take advantage of it.<\/p><p>The future of business is digital: connect with digital experts and be at the forefront of your industry. Join us now to discover the latest trends and innovations in the field.<\/p><\/div><\/div><\/div><\/div><\/div><\/div><\/div><\/div><\/div><\/div><\/div><\/div><\/div><\/div>\t\t\t\t\t\t<\/div>\n\t\t\t\t<\/div>\n\t\t\t\t\t<\/div>\n\t\t<\/div>\n\t\t\t\t<div class=\"elementor-column elementor-col-50 elementor-inner-column elementor-element elementor-element-f6f16e2\" data-id=\"f6f16e2\" data-element_type=\"column\">\n\t\t\t<div class=\"elementor-widget-wrap elementor-element-populated\">\n\t\t\t\t\t\t<div class=\"elementor-element elementor-element-95bb794 elementor-widget elementor-widget-image\" data-id=\"95bb794\" data-element_type=\"widget\" data-widget_type=\"image.default\">\n\t\t\t\t<div class=\"elementor-widget-container\">\n\t\t\t\t\t\t\t\t\t\t\t\t\t<img fetchpriority=\"high\" decoding=\"async\" width=\"800\" height=\"533\" src=\"https:\/\/mtlconnecte.ca\/wp-content\/uploads\/2023\/04\/MTLC-Newsletter-1024x682.jpg\" class=\"attachment-large size-large wp-image-18345\" alt=\"\" srcset=\"https:\/\/mtlconnecte.ca\/wp-content\/uploads\/2023\/04\/MTLC-Newsletter-1024x682.jpg 1024w, https:\/\/mtlconnecte.ca\/wp-content\/uploads\/2023\/04\/MTLC-Newsletter-300x200.jpg 300w, https:\/\/mtlconnecte.ca\/wp-content\/uploads\/2023\/04\/MTLC-Newsletter-768x512.jpg 768w, https:\/\/mtlconnecte.ca\/wp-content\/uploads\/2023\/04\/MTLC-Newsletter.jpg 1081w\" sizes=\"(max-width: 800px) 100vw, 800px\" \/>\t\t\t\t\t\t\t\t\t\t\t\t\t<\/div>\n\t\t\t\t<\/div>\n\t\t\t\t<div class=\"elementor-element elementor-element-32fad0a elementor-widget elementor-widget-button\" data-id=\"32fad0a\" data-element_type=\"widget\" data-widget_type=\"button.default\">\n\t\t\t\t<div class=\"elementor-widget-container\">\n\t\t\t\t\t<div class=\"elementor-button-wrapper\">\n\t\t\t<a class=\"elementor-button elementor-button-link elementor-size-sm\" href=\"https:\/\/mtlconnecte.ca\/en\/2023-topics\/\">\n\t\t\t\t\t\t<span class=\"elementor-button-content-wrapper\">\n\t\t\t\t\t\t\t\t\t<span class=\"elementor-button-text\">Discover the 4 topics<\/span>\n\t\t\t\t\t<\/span>\n\t\t\t\t\t<\/a>\n\t\t<\/div>\n\t\t\t\t<\/div>\n\t\t\t\t<\/div>\n\t\t\t\t\t<\/div>\n\t\t<\/div>\n\t\t\t\t\t<\/div>\n\t\t<\/section>\n\t\t\t\t<div class=\"elementor-element elementor-element-fca1f0b elementor-widget elementor-widget-spacer\" data-id=\"fca1f0b\" data-element_type=\"widget\" data-widget_type=\"spacer.default\">\n\t\t\t\t<div class=\"elementor-widget-container\">\n\t\t\t\t\t<div class=\"elementor-spacer\">\n\t\t\t<div class=\"elementor-spacer-inner\"><\/div>\n\t\t<\/div>\n\t\t\t\t<\/div>\n\t\t\t\t<\/div>\n\t\t\t\t\t<\/div>\n\t\t<\/div>\n\t\t\t\t\t<\/div>\n\t\t<\/section>\n\t\t\t\t<section class=\"elementor-section elementor-top-section elementor-element elementor-element-c190957 elementor-section-boxed elementor-section-height-default elementor-section-height-default\" data-id=\"c190957\" data-element_type=\"section\" data-settings=\"{&quot;background_background&quot;:&quot;classic&quot;}\">\n\t\t\t\t\t\t<div class=\"elementor-container elementor-column-gap-default\">\n\t\t\t\t\t<div class=\"elementor-column elementor-col-100 elementor-top-column elementor-element elementor-element-daad14c\" data-id=\"daad14c\" data-element_type=\"column\">\n\t\t\t<div class=\"elementor-widget-wrap elementor-element-populated\">\n\t\t\t\t\t\t<section class=\"elementor-section elementor-inner-section elementor-element elementor-element-63ba3b4 elementor-section-boxed elementor-section-height-default elementor-section-height-default\" data-id=\"63ba3b4\" data-element_type=\"section\" data-settings=\"{&quot;background_background&quot;:&quot;classic&quot;}\">\n\t\t\t\t\t\t<div class=\"elementor-container elementor-column-gap-default\">\n\t\t\t\t\t<div class=\"elementor-column elementor-col-100 elementor-inner-column elementor-element elementor-element-488d3fe\" data-id=\"488d3fe\" data-element_type=\"column\">\n\t\t\t<div class=\"elementor-widget-wrap elementor-element-populated\">\n\t\t\t\t\t\t<div class=\"elementor-element elementor-element-2894fc0 elementor-widget elementor-widget-heading\" data-id=\"2894fc0\" data-element_type=\"widget\" data-widget_type=\"heading.default\">\n\t\t\t\t<div class=\"elementor-widget-container\">\n\t\t\t<h2 class=\"elementor-heading-title elementor-size-default\">BELGIUM IN THE SPOTLIGHT<\/h2>\t\t<\/div>\n\t\t\t\t<\/div>\n\t\t\t\t<div class=\"elementor-element elementor-element-e884b51 elementor-widget-divider--view-line elementor-widget elementor-widget-divider\" data-id=\"e884b51\" data-element_type=\"widget\" data-widget_type=\"divider.default\">\n\t\t\t\t<div class=\"elementor-widget-container\">\n\t\t\t\t\t<div class=\"elementor-divider\">\n\t\t\t<span class=\"elementor-divider-separator\">\n\t\t\t\t\t\t<\/span>\n\t\t<\/div>\n\t\t\t\t<\/div>\n\t\t\t\t<\/div>\n\t\t\t\t\t<\/div>\n\t\t<\/div>\n\t\t\t\t\t<\/div>\n\t\t<\/section>\n\t\t\t\t<section class=\"elementor-section elementor-inner-section elementor-element elementor-element-614bdd4 elementor-section-boxed elementor-section-height-default elementor-section-height-default\" data-id=\"614bdd4\" data-element_type=\"section\" data-settings=\"{&quot;background_background&quot;:&quot;classic&quot;}\">\n\t\t\t\t\t\t<div class=\"elementor-container elementor-column-gap-default\">\n\t\t\t\t\t<div class=\"elementor-column elementor-col-50 elementor-inner-column elementor-element elementor-element-c84d0e8\" data-id=\"c84d0e8\" data-element_type=\"column\">\n\t\t\t<div class=\"elementor-widget-wrap elementor-element-populated\">\n\t\t\t\t\t\t<div class=\"elementor-element elementor-element-c1f4ecd elementor-widget elementor-widget-image\" data-id=\"c1f4ecd\" data-element_type=\"widget\" data-widget_type=\"image.default\">\n\t\t\t\t<div class=\"elementor-widget-container\">\n\t\t\t\t\t\t\t\t\t\t\t\t\t<img decoding=\"async\" width=\"800\" height=\"533\" src=\"https:\/\/mtlconnecte.ca\/wp-content\/uploads\/2023\/06\/MTL-Connecte-2022-Oct-20-227-1024x682.jpg\" class=\"attachment-large size-large wp-image-18653\" alt=\"\" srcset=\"https:\/\/mtlconnecte.ca\/wp-content\/uploads\/2023\/06\/MTL-Connecte-2022-Oct-20-227-1024x682.jpg 1024w, https:\/\/mtlconnecte.ca\/wp-content\/uploads\/2023\/06\/MTL-Connecte-2022-Oct-20-227-300x200.jpg 300w, https:\/\/mtlconnecte.ca\/wp-content\/uploads\/2023\/06\/MTL-Connecte-2022-Oct-20-227-768x512.jpg 768w, https:\/\/mtlconnecte.ca\/wp-content\/uploads\/2023\/06\/MTL-Connecte-2022-Oct-20-227-1536x1024.jpg 1536w, https:\/\/mtlconnecte.ca\/wp-content\/uploads\/2023\/06\/MTL-Connecte-2022-Oct-20-227.jpg 2000w\" sizes=\"(max-width: 800px) 100vw, 800px\" \/>\t\t\t\t\t\t\t\t\t\t\t\t\t<\/div>\n\t\t\t\t<\/div>\n\t\t\t\t<div class=\"elementor-element elementor-element-2ffc08f elementor-align-right elementor-widget elementor-widget-button\" data-id=\"2ffc08f\" data-element_type=\"widget\" data-widget_type=\"button.default\">\n\t\t\t\t<div class=\"elementor-widget-container\">\n\t\t\t\t\t<div class=\"elementor-button-wrapper\">\n\t\t\t<a class=\"elementor-button elementor-button-link elementor-size-sm\" href=\"https:\/\/mtlconnecte.ca\/en\/2023-pricing\/\">\n\t\t\t\t\t\t<span class=\"elementor-button-content-wrapper\">\n\t\t\t\t\t\t\t\t\t<span class=\"elementor-button-text\">Buy mu ticket<\/span>\n\t\t\t\t\t<\/span>\n\t\t\t\t\t<\/a>\n\t\t<\/div>\n\t\t\t\t<\/div>\n\t\t\t\t<\/div>\n\t\t\t\t\t<\/div>\n\t\t<\/div>\n\t\t\t\t<div class=\"elementor-column elementor-col-50 elementor-inner-column elementor-element elementor-element-ec98c2a\" data-id=\"ec98c2a\" data-element_type=\"column\">\n\t\t\t<div class=\"elementor-widget-wrap elementor-element-populated\">\n\t\t\t\t\t\t<div class=\"elementor-element elementor-element-da965e3 elementor-widget elementor-widget-text-editor\" data-id=\"da965e3\" data-element_type=\"widget\" data-widget_type=\"text-editor.default\">\n\t\t\t\t<div class=\"elementor-widget-container\">\n\t\t\t\t\t\t\t<p>After Senegal in 2022, it&#8217;s Belgium&#8217;s turn to be the country in the spotlight during MTL connecte, from October 10 to 13, 2023.<\/p><p>MTL connect and Belgium already have a long history of complicity and exchange. For proof of this, we need look no further than the annual Digital Spring in Brussels, the enlightening talks given by Professor Hugues Bersini on the theme of AI, or the active participation of the Walloon and Brussels delegations at the various editions of the event since its inception in 2019.<\/p><p>At the dawn of an AI that is now invading every debate and aspect of our lives, it&#8217;s to this joint reflection that Belgian players specializing in fields as varied as cybersecurity, education and training technologies, cultural and creative industries, healthcare, energy efficiency and the environment, mobility and connected cities will join.<\/p><p>Join digital players in celebrating Belgium as the country of honor, and take part in this digital week that fosters international collaboration and the emergence of innovative ideas. <strong>Together, let&#8217;s create a desirable and inspiring digital future!<\/strong><\/p>\t\t\t\t\t\t<\/div>\n\t\t\t\t<\/div>\n\t\t\t\t\t<\/div>\n\t\t<\/div>\n\t\t\t\t\t<\/div>\n\t\t<\/section>\n\t\t\t\t<div class=\"elementor-element elementor-element-201d982 elementor-widget elementor-widget-spacer\" data-id=\"201d982\" data-element_type=\"widget\" data-widget_type=\"spacer.default\">\n\t\t\t\t<div class=\"elementor-widget-container\">\n\t\t\t\t\t<div class=\"elementor-spacer\">\n\t\t\t<div class=\"elementor-spacer-inner\"><\/div>\n\t\t<\/div>\n\t\t\t\t<\/div>\n\t\t\t\t<\/div>\n\t\t\t\t\t<\/div>\n\t\t<\/div>\n\t\t\t\t\t<\/div>\n\t\t<\/section>\n\t\t\t\t<section class=\"elementor-section elementor-top-section elementor-element elementor-element-5008eaf elementor-section-boxed elementor-section-height-default elementor-section-height-default\" data-id=\"5008eaf\" data-element_type=\"section\" data-settings=\"{&quot;background_background&quot;:&quot;classic&quot;}\">\n\t\t\t\t\t\t<div class=\"elementor-container elementor-column-gap-default\">\n\t\t\t\t\t<div class=\"elementor-column elementor-col-100 elementor-top-column elementor-element elementor-element-de9e5f5\" data-id=\"de9e5f5\" data-element_type=\"column\">\n\t\t\t<div class=\"elementor-widget-wrap elementor-element-populated\">\n\t\t\t\t\t\t<div class=\"elementor-element elementor-element-c554969 elementor-widget elementor-widget-heading\" data-id=\"c554969\" data-element_type=\"widget\" data-widget_type=\"heading.default\">\n\t\t\t\t<div class=\"elementor-widget-container\">\n\t\t\t<h2 class=\"elementor-heading-title elementor-size-default\">DISCOVER SOME PARTICIPATING COMPANIES<br>AND ORGANIZATIONS<\/h2>\t\t<\/div>\n\t\t\t\t<\/div>\n\t\t\t\t<div class=\"elementor-element elementor-element-f67dfbd elementor-widget elementor-widget-spacer\" data-id=\"f67dfbd\" data-element_type=\"widget\" data-widget_type=\"spacer.default\">\n\t\t\t\t<div class=\"elementor-widget-container\">\n\t\t\t\t\t<div class=\"elementor-spacer\">\n\t\t\t<div class=\"elementor-spacer-inner\"><\/div>\n\t\t<\/div>\n\t\t\t\t<\/div>\n\t\t\t\t<\/div>\n\t\t\t\t<section class=\"elementor-section elementor-inner-section elementor-element elementor-element-8775e96 elementor-section-boxed elementor-section-height-default elementor-section-height-default\" data-id=\"8775e96\" data-element_type=\"section\" data-settings=\"{&quot;background_background&quot;:&quot;classic&quot;}\">\n\t\t\t\t\t\t<div class=\"elementor-container elementor-column-gap-default\">\n\t\t\t\t\t<div class=\"elementor-column elementor-col-50 elementor-inner-column elementor-element elementor-element-0e0e70f\" data-id=\"0e0e70f\" data-element_type=\"column\">\n\t\t\t<div class=\"elementor-widget-wrap elementor-element-populated\">\n\t\t\t\t\t\t<div class=\"elementor-element elementor-element-bb551e6 elementor-widget elementor-widget-text-editor\" data-id=\"bb551e6\" data-element_type=\"widget\" data-widget_type=\"text-editor.default\">\n\t\t\t\t<div class=\"elementor-widget-container\">\n\t\t\t\t\t\t\t<p style=\"text-align: right;\">Concordia, Desjardins Caisse des TI, Deloitte, IVADO, Amazon Web Services, Google, P\u00e9tal, Akinox, <span data-sheets-value=\"{&quot;1&quot;:2,&quot;2&quot;:&quot;Institut TransMedTech&quot;}\" data-sheets-userformat=\"{&quot;2&quot;:4803,&quot;3&quot;:{&quot;1&quot;:0},&quot;4&quot;:{&quot;1&quot;:2,&quot;2&quot;:16777215},&quot;9&quot;:1,&quot;10&quot;:2,&quot;12&quot;:0,&quot;15&quot;:&quot;Arial&quot;}\">HEC Montr\u00e9al, <\/span>CCSMTL, Colab num\u00e9rique, <span data-sheets-value=\"{&quot;1&quot;:2,&quot;2&quot;:&quot;Institut TransMedTech&quot;}\" data-sheets-userformat=\"{&quot;2&quot;:4803,&quot;3&quot;:{&quot;1&quot;:0},&quot;4&quot;:{&quot;1&quot;:2,&quot;2&quot;:16777215},&quot;9&quot;:1,&quot;10&quot;:2,&quot;12&quot;:0,&quot;15&quot;:&quot;Arial&quot;}\">Institut TransMedTech, maltem Canada Inc., Chemins de transition, La Soci\u00e9t\u00e9 des demains, PinQ2, Osedea, Culture Laurentides, Avantage Num\u00e9rique, GFT Canada, Les \u00c9ditions AppLit, PragmaFlow, Arch\u00e9o-Qu\u00e9bec, O&#8217;Gleman Media, Culture Laval, The Data Tank, EIFFAGE S\u00e9n\u00e9gal, NAOMIS, Abass Technology, Observatoire data duplicata.<br \/>And much more!<br \/><\/span><\/p>\t\t\t\t\t\t<\/div>\n\t\t\t\t<\/div>\n\t\t\t\t<div class=\"elementor-element elementor-element-ae15883 elementor-widget elementor-widget-spacer\" data-id=\"ae15883\" data-element_type=\"widget\" data-widget_type=\"spacer.default\">\n\t\t\t\t<div class=\"elementor-widget-container\">\n\t\t\t\t\t<div class=\"elementor-spacer\">\n\t\t\t<div class=\"elementor-spacer-inner\"><\/div>\n\t\t<\/div>\n\t\t\t\t<\/div>\n\t\t\t\t<\/div>\n\t\t\t\t<div class=\"elementor-element elementor-element-6a51a4f elementor-align-right elementor-widget elementor-widget-button\" data-id=\"6a51a4f\" data-element_type=\"widget\" data-widget_type=\"button.default\">\n\t\t\t\t<div class=\"elementor-widget-container\">\n\t\t\t\t\t<div class=\"elementor-button-wrapper\">\n\t\t\t<a class=\"elementor-button elementor-button-link elementor-size-sm\" href=\"https:\/\/mtlconnecte.ca\/en\/2023-our-partners\/\">\n\t\t\t\t\t\t<span class=\"elementor-button-content-wrapper\">\n\t\t\t\t\t\t\t\t\t<span class=\"elementor-button-text\">See our partners<\/span>\n\t\t\t\t\t<\/span>\n\t\t\t\t\t<\/a>\n\t\t<\/div>\n\t\t\t\t<\/div>\n\t\t\t\t<\/div>\n\t\t\t\t\t<\/div>\n\t\t<\/div>\n\t\t\t\t<div class=\"elementor-column elementor-col-50 elementor-inner-column elementor-element elementor-element-f676026\" data-id=\"f676026\" data-element_type=\"column\">\n\t\t\t<div class=\"elementor-widget-wrap elementor-element-populated\">\n\t\t\t\t\t\t<div class=\"elementor-element elementor-element-3c30f14 elementor-widget elementor-widget-image\" data-id=\"3c30f14\" data-element_type=\"widget\" data-widget_type=\"image.default\">\n\t\t\t\t<div class=\"elementor-widget-container\">\n\t\t\t\t\t\t\t\t\t\t\t\t\t<img decoding=\"async\" width=\"800\" height=\"533\" src=\"https:\/\/mtlconnecte.ca\/wp-content\/uploads\/2023\/07\/310985212_422726373356555_4398230594116575484_n-1024x682.jpeg\" class=\"attachment-large size-large wp-image-19126\" alt=\"\" srcset=\"https:\/\/mtlconnecte.ca\/wp-content\/uploads\/2023\/07\/310985212_422726373356555_4398230594116575484_n-1024x682.jpeg 1024w, https:\/\/mtlconnecte.ca\/wp-content\/uploads\/2023\/07\/310985212_422726373356555_4398230594116575484_n-300x200.jpeg 300w, https:\/\/mtlconnecte.ca\/wp-content\/uploads\/2023\/07\/310985212_422726373356555_4398230594116575484_n-768x512.jpeg 768w, https:\/\/mtlconnecte.ca\/wp-content\/uploads\/2023\/07\/310985212_422726373356555_4398230594116575484_n-1536x1024.jpeg 1536w, https:\/\/mtlconnecte.ca\/wp-content\/uploads\/2023\/07\/310985212_422726373356555_4398230594116575484_n.jpeg 2000w\" sizes=\"(max-width: 800px) 100vw, 800px\" \/>\t\t\t\t\t\t\t\t\t\t\t\t\t<\/div>\n\t\t\t\t<\/div>\n\t\t\t\t\t<\/div>\n\t\t<\/div>\n\t\t\t\t\t<\/div>\n\t\t<\/section>\n\t\t\t\t\t<\/div>\n\t\t<\/div>\n\t\t\t\t\t<\/div>\n\t\t<\/section>\n\t\t\t\t<\/div>\n\t\t","protected":false},"excerpt":{"rendered":"<p>Attend conferences, panels, workshops, networking cocktails, B2B meetings and more! BUY YOUR TICKET MAIN THEME: COLLECTIVE INTELLIGENCE MTL connect is an annual international event organized by the non-profit organization Montreal Digital Spring (Printemps num\u00e9rique). This gathering of entrepreneurs, researchers, decision-makers, industry players and artists aims to provide an understanding of the challenges and issues of [&hellip;]<\/p>\n","protected":false},"author":5,"featured_media":0,"parent":0,"menu_order":0,"comment_status":"closed","ping_status":"closed","template":"","meta":{"footnotes":""},"class_list":["post-19195","page","type-page","status-publish","hentry"],"_links":{"self":[{"href":"https:\/\/mtlconnecte.ca\/en\/wp-json\/wp\/v2\/pages\/19195"}],"collection":[{"href":"https:\/\/mtlconnecte.ca\/en\/wp-json\/wp\/v2\/pages"}],"about":[{"href":"https:\/\/mtlconnecte.ca\/en\/wp-json\/wp\/v2\/types\/page"}],"author":[{"embeddable":true,"href":"https:\/\/mtlconnecte.ca\/en\/wp-json\/wp\/v2\/users\/5"}],"replies":[{"embeddable":true,"href":"https:\/\/mtlconnecte.ca\/en\/wp-json\/wp\/v2\/comments?post=19195"}],"version-history":[{"count":14,"href":"https:\/\/mtlconnecte.ca\/en\/wp-json\/wp\/v2\/pages\/19195\/revisions"}],"predecessor-version":[{"id":19740,"href":"https:\/\/mtlconnecte.ca\/en\/wp-json\/wp\/v2\/pages\/19195\/revisions\/19740"}],"wp:attachment":[{"href":"https:\/\/mtlconnecte.ca\/en\/wp-json\/wp\/v2\/media?parent=19195"}],"curies":[{"name":"wp","href":"https:\/\/api.w.org\/{rel}","templated":true}]}}