{"id":12852,"date":"2022-05-02T15:41:33","date_gmt":"2022-05-02T19:41:33","guid":{"rendered":"https:\/\/mtlconnecte.ca\/?page_id=12852"},"modified":"2022-10-06T15:35:11","modified_gmt":"2022-10-06T19:35:11","slug":"2022-artistic-program","status":"publish","type":"page","link":"https:\/\/mtlconnecte.ca\/en\/2022-artistic-program\/","title":{"rendered":"2022 Artistic Program"},"content":{"rendered":"\t\t<div data-elementor-type=\"wp-page\" data-elementor-id=\"12852\" class=\"elementor elementor-12852 elementor-12809\" data-elementor-post-type=\"page\">\n\t\t\t\t\t\t<section class=\"elementor-section elementor-top-section elementor-element elementor-element-36f3209a elementor-section-height-min-height elementor-section-content-middle elementor-reverse-mobile elementor-section-boxed elementor-section-height-default elementor-section-items-middle\" data-id=\"36f3209a\" data-element_type=\"section\" data-settings=\"{&quot;background_background&quot;:&quot;classic&quot;}\">\n\t\t\t\t\t\t\t<div class=\"elementor-background-overlay\"><\/div>\n\t\t\t\t\t\t\t<div class=\"elementor-container elementor-column-gap-no\">\n\t\t\t\t\t<div class=\"elementor-column elementor-col-50 elementor-top-column elementor-element elementor-element-3827ad2b\" data-id=\"3827ad2b\" data-element_type=\"column\">\n\t\t\t<div class=\"elementor-widget-wrap elementor-element-populated\">\n\t\t\t\t\t\t<div class=\"elementor-element elementor-element-401d44c9 elementor-widget elementor-widget-heading\" data-id=\"401d44c9\" data-element_type=\"widget\" data-widget_type=\"heading.default\">\n\t\t\t\t<div class=\"elementor-widget-container\">\n\t\t\t<h2 class=\"elementor-heading-title elementor-size-default\">ECO(SYSTEMS) OF HOPE\nCulture & Creativity Topic\n<\/h2>\t\t<\/div>\n\t\t\t\t<\/div>\n\t\t\t\t<div class=\"elementor-element elementor-element-5d8567d8 elementor-widget elementor-widget-text-editor\" data-id=\"5d8567d8\" data-element_type=\"widget\" data-widget_type=\"text-editor.default\">\n\t\t\t\t<div class=\"elementor-widget-container\">\n\t\t\t\t\t\t\t<p><span style=\"font-weight: 400;\">October 18 &#8211; 30, 2022<\/span><\/p><p>Anteism Books<br \/>435 Beaubien West, #100 Outremont H2V 1C9<\/p>\t\t\t\t\t\t<\/div>\n\t\t\t\t<\/div>\n\t\t\t\t<div class=\"elementor-element elementor-element-e7f7af4 elementor-widget elementor-widget-text-editor\" data-id=\"e7f7af4\" data-element_type=\"widget\" data-widget_type=\"text-editor.default\">\n\t\t\t\t<div class=\"elementor-widget-container\">\n\t\t\t\t\t\t\t<p><span style=\"font-weight: 400; color: #999999;\">Photo credit: Rosalie Dumont Gagn\u00e9<br \/>Artistic direction: Erandy Vergara<\/span><\/p>\t\t\t\t\t\t<\/div>\n\t\t\t\t<\/div>\n\t\t\t\t\t<\/div>\n\t\t<\/div>\n\t\t\t\t<div class=\"elementor-column elementor-col-50 elementor-top-column elementor-element elementor-element-4a3f6daa\" data-id=\"4a3f6daa\" data-element_type=\"column\">\n\t\t\t<div class=\"elementor-widget-wrap\">\n\t\t\t\t\t\t\t<\/div>\n\t\t<\/div>\n\t\t\t\t\t<\/div>\n\t\t<\/section>\n\t\t\t\t<section class=\"elementor-section elementor-top-section elementor-element elementor-element-85424f4 elementor-section-full_width elementor-section-height-min-height elementor-section-height-default elementor-section-items-middle\" data-id=\"85424f4\" data-element_type=\"section\" data-settings=\"{&quot;background_background&quot;:&quot;classic&quot;}\">\n\t\t\t\t\t\t<div class=\"elementor-container elementor-column-gap-default\">\n\t\t\t\t\t<div class=\"elementor-column elementor-col-100 elementor-top-column elementor-element elementor-element-318ce9e\" data-id=\"318ce9e\" data-element_type=\"column\">\n\t\t\t<div class=\"elementor-widget-wrap elementor-element-populated\">\n\t\t\t\t\t\t<section class=\"elementor-section elementor-inner-section elementor-element elementor-element-442d52c elementor-section-boxed elementor-section-height-default elementor-section-height-default\" data-id=\"442d52c\" data-element_type=\"section\">\n\t\t\t\t\t\t<div class=\"elementor-container elementor-column-gap-default\">\n\t\t\t\t\t<div class=\"elementor-column elementor-col-100 elementor-inner-column elementor-element elementor-element-252dbec\" data-id=\"252dbec\" data-element_type=\"column\">\n\t\t\t<div class=\"elementor-widget-wrap elementor-element-populated\">\n\t\t\t\t\t\t<div class=\"elementor-element elementor-element-6a40681 elementor-widget-divider--view-line elementor-widget elementor-widget-divider\" data-id=\"6a40681\" data-element_type=\"widget\" data-widget_type=\"divider.default\">\n\t\t\t\t<div class=\"elementor-widget-container\">\n\t\t\t\t\t<div class=\"elementor-divider\">\n\t\t\t<span class=\"elementor-divider-separator\">\n\t\t\t\t\t\t<\/span>\n\t\t<\/div>\n\t\t\t\t<\/div>\n\t\t\t\t<\/div>\n\t\t\t\t<div class=\"elementor-element elementor-element-b7cdc1f elementor-widget elementor-widget-heading\" data-id=\"b7cdc1f\" data-element_type=\"widget\" data-widget_type=\"heading.default\">\n\t\t\t\t<div class=\"elementor-widget-container\">\n\t\t\t<h2 class=\"elementor-heading-title elementor-size-default\">EXHIBITON\n<\/h2>\t\t<\/div>\n\t\t\t\t<\/div>\n\t\t\t\t<div class=\"elementor-element elementor-element-d6f4f81 elementor-widget elementor-widget-text-editor\" data-id=\"d6f4f81\" data-element_type=\"widget\" data-widget_type=\"text-editor.default\">\n\t\t\t\t<div class=\"elementor-widget-container\">\n\t\t\t\t\t\t\t<p dir=\"ltr\"><strong>A bold proposal:\u00a0<\/strong><strong>Eco(Systems) of Hope<\/strong><br \/><strong>An ecosystem<\/strong>\u00a0is created by\u00a0<strong>components developed under a dense network of dependencies and exchanges\u00a0<\/strong>of energy, information and matter, that permit the maintenance and development of life. This system, which<strong>\u00a0promotes and develops life along with its potentiality<\/strong>, is contingent on every living and non-living part that makes up the system, making each element reliant on the other. This, to us, is a source of\u00a0<strong>hope<\/strong>, as it means that<strong>\u00a0interconnections sustain life<\/strong>. With the exhibition\u00a0<em>Eco(systems) of Hope,<\/em>\u00a0Printemps num\u00e9rique invites a cross-section of artists and scholars to reflect on world-making, on the technologies used for this creation, on climate responsibility, equity and care.<\/p><p>The exhibition is<em>\u00a0<\/em><strong>free and accessible to the general public<\/strong>, and it\u00a0<strong>features<\/strong>\u00a0<strong>the following\u00a0Canadian and international artists:<\/strong><\/p><blockquote><div>Marcela Armas (MX) | \u00c6lab (CA) | Gali Blay et Leila Zelli (US\/DE; IR\/CA) | Ludovic Boney (CA) | Somme Collective (CA) | Dayna Danger (CA) | Sandrine Deumier (FR) | Rosalie Dumont Gagn\u00e9 (CA) | Gilberto Esparza (MX) | Adriana Knouf (US) | Theresa Schubert et Sage Jenson (DE; US) | Fran\u00e7ois Qu\u00e9villon (CA)<\/div><\/blockquote><p dir=\"ltr\"><strong>The exhibition will take place at Anteism Books<\/strong> (435 Beaubien West, #100 Outremont H2V 1C9)<strong>\u00a0from October 18th to the 30th,\u00a0with the vernissage on the 18th at 5:00 PM EST<\/strong>, and will gather a selection of\u00a0<strong>research-creation projects<\/strong>, as well as\u00a0<strong>interactive, immersive, and generative works<\/strong>\u00a0that engage the present ecological moment\u00a0and\u00a0creative imaginaries for the future.<\/p>\t\t\t\t\t\t<\/div>\n\t\t\t\t<\/div>\n\t\t\t\t<div class=\"elementor-element elementor-element-4b67328 elementor-widget elementor-widget-button\" data-id=\"4b67328\" data-element_type=\"widget\" data-widget_type=\"button.default\">\n\t\t\t\t<div class=\"elementor-widget-container\">\n\t\t\t\t\t<div class=\"elementor-button-wrapper\">\n\t\t\t<a class=\"elementor-button elementor-button-link elementor-size-sm\" href=\"https:\/\/art2022.mtlconnecte.ca\/\" target=\"_blank\">\n\t\t\t\t\t\t<span class=\"elementor-button-content-wrapper\">\n\t\t\t\t\t\t\t\t\t<span class=\"elementor-button-text\">Learn more about the exhibition<\/span>\n\t\t\t\t\t<\/span>\n\t\t\t\t\t<\/a>\n\t\t<\/div>\n\t\t\t\t<\/div>\n\t\t\t\t<\/div>\n\t\t\t\t\t<\/div>\n\t\t<\/div>\n\t\t\t\t\t<\/div>\n\t\t<\/section>\n\t\t\t\t<section class=\"elementor-section elementor-inner-section elementor-element elementor-element-5ff0ca7 elementor-section-boxed elementor-section-height-default elementor-section-height-default\" data-id=\"5ff0ca7\" data-element_type=\"section\">\n\t\t\t\t\t\t<div class=\"elementor-container elementor-column-gap-default\">\n\t\t\t\t\t<div class=\"elementor-column elementor-col-100 elementor-inner-column elementor-element elementor-element-91c56c3\" data-id=\"91c56c3\" data-element_type=\"column\">\n\t\t\t<div class=\"elementor-widget-wrap elementor-element-populated\">\n\t\t\t\t\t\t<div class=\"elementor-element elementor-element-1a79a9a elementor-widget-divider--view-line elementor-widget elementor-widget-divider\" data-id=\"1a79a9a\" data-element_type=\"widget\" data-widget_type=\"divider.default\">\n\t\t\t\t<div class=\"elementor-widget-container\">\n\t\t\t\t\t<div class=\"elementor-divider\">\n\t\t\t<span class=\"elementor-divider-separator\">\n\t\t\t\t\t\t<\/span>\n\t\t<\/div>\n\t\t\t\t<\/div>\n\t\t\t\t<\/div>\n\t\t\t\t<div class=\"elementor-element elementor-element-03dc971 elementor-widget elementor-widget-heading\" data-id=\"03dc971\" data-element_type=\"widget\" data-widget_type=\"heading.default\">\n\t\t\t\t<div class=\"elementor-widget-container\">\n\t\t\t<h2 class=\"elementor-heading-title elementor-size-default\">SPEAKERS, WORKSHOPS & MORE <\/h2>\t\t<\/div>\n\t\t\t\t<\/div>\n\t\t\t\t<div class=\"elementor-element elementor-element-dee1858 elementor-widget elementor-widget-text-editor\" data-id=\"dee1858\" data-element_type=\"widget\" data-widget_type=\"text-editor.default\">\n\t\t\t\t<div class=\"elementor-widget-container\">\n\t\t\t\t\t\t\t<p style=\"font-weight: 400;\">As part of the global<strong> <b><a href=\"http:\/\/mtlconnect.ca\/\">MTL connect<\/a><\/b>\u00a0PRO Programming<em>,<\/em>\u00a0<\/strong>our<strong>\u00a0keynote Cheryl Bryce will present\u00a0<\/strong><strong><em>Decolonizing Place: Reinstating Indigenous (Eco)Systems and Sovereignty<\/em>\u00a0<\/strong><strong>on October 18th<\/strong>\u00a0at 7 Doigts (2111 Boulevard Saint-Laurent)\u00a0<strong>at 1:15 PM<\/strong>\u00a0with\u00a0Pamela Tudge as moderator, and will be proceeded by the following series of panels, workshops and presentations\u00a0 happening in person at 7 Doigts or online:\u00a0<\/p><p><strong>2:30 PM EST<\/strong><em>\u00a0\u2014\u00a0<\/em>PANEL (IN PERSON)<br \/><em>Why Hope? Why Now?,\u00a0<\/em>Leila Zelli | Navid Navad | Dayna Danger<br \/>Moderator: Manuelle Freire<\/p><p><strong>2:30 PM EST\u00a0<\/strong>\u2014 WORKSHOP (ONLINE)<br \/><em>Nonhuman Futures,\u00a0<\/em>Suzanne Kite<br \/><br \/><strong>3:30 PM EST<\/strong>\u00a0\u2014 MASTER CLASS (IN PERSON)<br \/><em>Cross-Species Sociality: Centring Relationality in Research-Creation<\/em><br \/>Miranda Smitheram<\/p><p><strong>4:00 PM EST\u00a0<\/strong>\u2014 WORKSHOP (IN PERSON)<br \/><em>Recreate, Redesign and Restore: Food Systems of Hope<\/em><br \/>Pamela Tudge<\/p>\t\t\t\t\t\t<\/div>\n\t\t\t\t<\/div>\n\t\t\t\t\t<\/div>\n\t\t<\/div>\n\t\t\t\t\t<\/div>\n\t\t<\/section>\n\t\t\t\t<div class=\"elementor-element elementor-element-2d48a1e elementor-align-center elementor-widget elementor-widget-button\" data-id=\"2d48a1e\" data-element_type=\"widget\" data-widget_type=\"button.default\">\n\t\t\t\t<div class=\"elementor-widget-container\">\n\t\t\t\t\t<div class=\"elementor-button-wrapper\">\n\t\t\t<a class=\"elementor-button elementor-button-link elementor-size-sm\" href=\"https:\/\/my.weezevent.com\/mtl-connecte-2022-la-semaine-numerique-de-montreal-montreal-digital-week\">\n\t\t\t\t\t\t<span class=\"elementor-button-content-wrapper\">\n\t\t\t\t\t\t\t\t\t<span class=\"elementor-button-text\">Book your pro pass<\/span>\n\t\t\t\t\t<\/span>\n\t\t\t\t\t<\/a>\n\t\t<\/div>\n\t\t\t\t<\/div>\n\t\t\t\t<\/div>\n\t\t\t\t<section class=\"elementor-section elementor-inner-section elementor-element elementor-element-1f21cfd elementor-section-boxed elementor-section-height-default elementor-section-height-default\" data-id=\"1f21cfd\" data-element_type=\"section\">\n\t\t\t\t\t\t<div class=\"elementor-container elementor-column-gap-default\">\n\t\t\t\t\t<div class=\"elementor-column elementor-col-50 elementor-inner-column elementor-element elementor-element-c40403e\" data-id=\"c40403e\" data-element_type=\"column\">\n\t\t\t<div class=\"elementor-widget-wrap elementor-element-populated\">\n\t\t\t\t\t\t<div class=\"elementor-element elementor-element-aacba2e elementor-widget-divider--view-line elementor-widget elementor-widget-divider\" data-id=\"aacba2e\" data-element_type=\"widget\" data-widget_type=\"divider.default\">\n\t\t\t\t<div class=\"elementor-widget-container\">\n\t\t\t\t\t<div class=\"elementor-divider\">\n\t\t\t<span class=\"elementor-divider-separator\">\n\t\t\t\t\t\t<\/span>\n\t\t<\/div>\n\t\t\t\t<\/div>\n\t\t\t\t<\/div>\n\t\t\t\t<div class=\"elementor-element elementor-element-e7e3c51 elementor-widget elementor-widget-heading\" data-id=\"e7e3c51\" data-element_type=\"widget\" data-widget_type=\"heading.default\">\n\t\t\t\t<div class=\"elementor-widget-container\">\n\t\t\t<h2 class=\"elementor-heading-title elementor-size-default\"><h2 data-elementor-setting-key=\"title\" data-pen-placeholder=\"\u00c9crivez ici...\" style=\"color: rgb(122, 122, 122);\">CLOSING PARTY<\/h2><\/h2>\t\t<\/div>\n\t\t\t\t<\/div>\n\t\t\t\t<div class=\"elementor-element elementor-element-2b4cbec elementor-widget elementor-widget-text-editor\" data-id=\"2b4cbec\" data-element_type=\"widget\" data-widget_type=\"text-editor.default\">\n\t\t\t\t<div class=\"elementor-widget-container\">\n\t\t\t\t\t\t\t<p><em>A night under the dome.<\/em><\/p><p>On\u00a0<strong>Friday, October 21<\/strong>,\u00a0<strong>Printemps num\u00e9rique<\/strong>\u00a0is proudly partnering with\u00a0<strong>OCTOV<\/strong>\u00a0for the\u00a0<strong>MTL Connect Closing Party<\/strong>\u00a0at the renowned\u00a0<strong>Soci\u00e9t\u00e9 des arts technologiques\u00a0<\/strong>(1201 Boulevard Saint-Laurent) from\u00a0<strong>10:00 PM<\/strong>\u00a0onwards.\u00a0Taking over the DJ decks will be international heavy hitters\u00a0<strong>Zadig<\/strong>\u00a0(FR) and\u00a0<strong>LYDO<\/strong>\u00a0(USA), and OCTOV resident\u00a0<strong>BitterCaress<\/strong>\u00a0(CA) who will set the pace at the start of the night. Finally, you can count on VJs\u00a0<strong>Tind\u00a0<\/strong>in\u00a0B2B<strong>\u00a0<\/strong>with<strong>\u00a0Cr\u00e9ation Ex Nihilo\u00a0<\/strong>and<strong>\u00a0Daph4000\u00a0<\/strong>to accompany you along your trip.<\/p><p><strong>OCTOV<\/strong>\u00a0is a pioneering techno collective in Montreal, having hosted artists from all corners of the globe since 2014. They\u2019ve curated a diverse and inclusive bill yet again that will undoubtedly create a magical and melancholic dance floor.<\/p>\t\t\t\t\t\t<\/div>\n\t\t\t\t<\/div>\n\t\t\t\t\t<\/div>\n\t\t<\/div>\n\t\t\t\t<div class=\"elementor-column elementor-col-50 elementor-inner-column elementor-element elementor-element-f84a466\" data-id=\"f84a466\" data-element_type=\"column\">\n\t\t\t<div class=\"elementor-widget-wrap elementor-element-populated\">\n\t\t\t\t\t\t<div class=\"elementor-element elementor-element-0fd5bbb elementor-widget-divider--view-line elementor-widget elementor-widget-divider\" data-id=\"0fd5bbb\" data-element_type=\"widget\" data-widget_type=\"divider.default\">\n\t\t\t\t<div class=\"elementor-widget-container\">\n\t\t\t\t\t<div class=\"elementor-divider\">\n\t\t\t<span class=\"elementor-divider-separator\">\n\t\t\t\t\t\t<\/span>\n\t\t<\/div>\n\t\t\t\t<\/div>\n\t\t\t\t<\/div>\n\t\t\t\t<div class=\"elementor-element elementor-element-6c84473 elementor-widget elementor-widget-image\" data-id=\"6c84473\" data-element_type=\"widget\" data-widget_type=\"image.default\">\n\t\t\t\t<div class=\"elementor-widget-container\">\n\t\t\t\t\t\t\t\t\t\t\t\t\t<img fetchpriority=\"high\" decoding=\"async\" width=\"800\" height=\"450\" src=\"https:\/\/mtlconnecte.ca\/wp-content\/uploads\/2022\/09\/ebe23e72-b797-fd4a-e8ec-71ab5942ef5d-1024x576.jpeg\" class=\"attachment-large size-large wp-image-16056\" alt=\"\" srcset=\"https:\/\/mtlconnecte.ca\/wp-content\/uploads\/2022\/09\/ebe23e72-b797-fd4a-e8ec-71ab5942ef5d-1024x576.jpeg 1024w, https:\/\/mtlconnecte.ca\/wp-content\/uploads\/2022\/09\/ebe23e72-b797-fd4a-e8ec-71ab5942ef5d-300x169.jpeg 300w, https:\/\/mtlconnecte.ca\/wp-content\/uploads\/2022\/09\/ebe23e72-b797-fd4a-e8ec-71ab5942ef5d-768x432.jpeg 768w, https:\/\/mtlconnecte.ca\/wp-content\/uploads\/2022\/09\/ebe23e72-b797-fd4a-e8ec-71ab5942ef5d.jpeg 1200w\" sizes=\"(max-width: 800px) 100vw, 800px\" \/>\t\t\t\t\t\t\t\t\t\t\t\t\t<\/div>\n\t\t\t\t<\/div>\n\t\t\t\t<div class=\"elementor-element elementor-element-c11ba14 elementor-widget elementor-widget-button\" data-id=\"c11ba14\" data-element_type=\"widget\" data-widget_type=\"button.default\">\n\t\t\t\t<div class=\"elementor-widget-container\">\n\t\t\t\t\t<div class=\"elementor-button-wrapper\">\n\t\t\t<a class=\"elementor-button elementor-button-link elementor-size-sm\" href=\"https:\/\/my.weezevent.com\/octov-printemps-2022\">\n\t\t\t\t\t\t<span class=\"elementor-button-content-wrapper\">\n\t\t\t\t\t\t\t\t\t<span class=\"elementor-button-text\">Book your ticket<\/span>\n\t\t\t\t\t<\/span>\n\t\t\t\t\t<\/a>\n\t\t<\/div>\n\t\t\t\t<\/div>\n\t\t\t\t<\/div>\n\t\t\t\t\t<\/div>\n\t\t<\/div>\n\t\t\t\t\t<\/div>\n\t\t<\/section>\n\t\t\t\t\t<\/div>\n\t\t<\/div>\n\t\t\t\t\t<\/div>\n\t\t<\/section>\n\t\t\t\t<\/div>\n\t\t","protected":false},"excerpt":{"rendered":"<p>ECO(SYSTEMS) OF HOPE Culture &#038; Creativity Topic October 18 &#8211; 30, 2022 Anteism Books435 Beaubien West, #100 Outremont H2V 1C9 Photo credit: Rosalie Dumont Gagn\u00e9Artistic direction: Erandy Vergara EXHIBITON A bold proposal:\u00a0Eco(Systems) of HopeAn ecosystem\u00a0is created by\u00a0components developed under a dense network of dependencies and exchanges\u00a0of energy, information and matter, that permit the maintenance and [&hellip;]<\/p>\n","protected":false},"author":5,"featured_media":0,"parent":0,"menu_order":0,"comment_status":"closed","ping_status":"closed","template":"","meta":{"footnotes":""},"class_list":["post-12852","page","type-page","status-publish","hentry"],"_links":{"self":[{"href":"https:\/\/mtlconnecte.ca\/en\/wp-json\/wp\/v2\/pages\/12852"}],"collection":[{"href":"https:\/\/mtlconnecte.ca\/en\/wp-json\/wp\/v2\/pages"}],"about":[{"href":"https:\/\/mtlconnecte.ca\/en\/wp-json\/wp\/v2\/types\/page"}],"author":[{"embeddable":true,"href":"https:\/\/mtlconnecte.ca\/en\/wp-json\/wp\/v2\/users\/5"}],"replies":[{"embeddable":true,"href":"https:\/\/mtlconnecte.ca\/en\/wp-json\/wp\/v2\/comments?post=12852"}],"version-history":[{"count":32,"href":"https:\/\/mtlconnecte.ca\/en\/wp-json\/wp\/v2\/pages\/12852\/revisions"}],"predecessor-version":[{"id":16702,"href":"https:\/\/mtlconnecte.ca\/en\/wp-json\/wp\/v2\/pages\/12852\/revisions\/16702"}],"wp:attachment":[{"href":"https:\/\/mtlconnecte.ca\/en\/wp-json\/wp\/v2\/media?parent=12852"}],"curies":[{"name":"wp","href":"https:\/\/api.w.org\/{rel}","templated":true}]}}